{"id":203,"date":"2016-01-20T11:38:36","date_gmt":"2016-01-20T10:38:36","guid":{"rendered":"http:\/\/panacheproductions.promisys-lab.be\/en\/?page_id=203"},"modified":"2016-01-20T11:38:36","modified_gmt":"2016-01-20T10:38:36","slug":"reserved-rights","status":"publish","type":"page","link":"https:\/\/www.panacheproductions.be\/en\/reserved-rights\/","title":{"rendered":"Reserved rights"},"content":{"rendered":"<p>Toutes les images sur ce site sont prot\u00e9g\u00e9es par copyright.<\/p>\n<p>La production et exploitation de ces images sont strictement interdites sans accord \u00e9crit au pr\u00e9alable.<\/p>\n","protected":false},"excerpt":{"rendered":"<p>Toutes les images sur ce site sont prot\u00e9g\u00e9es par copyright. La production et exploitation de ces images sont strictement interdites sans accord \u00e9crit au pr\u00e9alable.<\/p>\n","protected":false},"author":3,"featured_media":0,"parent":0,"menu_order":0,"comment_status":"closed","ping_status":"closed","template":"","meta":{"footnotes":""},"class_list":["post-203","page","type-page","status-publish","hentry"],"_links":{"self":[{"href":"https:\/\/www.panacheproductions.be\/en\/wp-json\/wp\/v2\/pages\/203\/"}],"collection":[{"href":"https:\/\/www.panacheproductions.be\/en\/wp-json\/wp\/v2\/pages\/"}],"about":[{"href":"https:\/\/www.panacheproductions.be\/en\/wp-json\/wp\/v2\/types\/page\/"}],"author":[{"embeddable":true,"href":"https:\/\/www.panacheproductions.be\/en\/wp-json\/wp\/v2\/users\/3\/"}],"replies":[{"embeddable":true,"href":"https:\/\/www.panacheproductions.be\/en\/wp-json\/wp\/v2\/comments\/?post=203"}],"version-history":[{"count":1,"href":"https:\/\/www.panacheproductions.be\/en\/wp-json\/wp\/v2\/pages\/203\/revisions\/"}],"predecessor-version":[{"id":204,"href":"https:\/\/www.panacheproductions.be\/en\/wp-json\/wp\/v2\/pages\/203\/revisions\/204\/"}],"wp:attachment":[{"href":"https:\/\/www.panacheproductions.be\/en\/wp-json\/wp\/v2\/media\/?parent=203"}],"curies":[{"name":"wp","href":"https:\/\/api.w.org\/{rel}","templated":true}]}}