{"id":439,"date":"2016-08-02T07:49:16","date_gmt":"2016-08-02T06:49:16","guid":{"rendered":"http:\/\/panacheproductions.be\/en\/?page_id=439"},"modified":"2026-03-03T16:18:19","modified_gmt":"2026-03-03T15:18:19","slug":"la-cie-cinematographique","status":"publish","type":"page","link":"https:\/\/www.panacheproductions.be\/en\/about-us\/la-cie-cinematographique\/","title":{"rendered":"La Cie Cin\u00e9matographique"},"content":{"rendered":"<p>La Compagnie Cin\u00e9matographique has already produced and coproduced 33 films (short films and feature films) including 29 theater releases.<\/p>\n<p>Our catalogue is made up of powerful films on topical items, which have been selected, in the biggest international festivals.  Among them, the feature-length documentary \u2018 Cartoonists &#8211; Foots Soldiers of Democracy\u2019 by St\u00e9phanie Valloatto, (Cannes Film Festival 2014 and Cesar Awards 2015) ; \u2018 The Source\u2019 by Radu Mihaileanu,  (Cannes Film Festival 2011- Official Competition 2011), \u2018Under the bombs\u2019 by Philippe Aractingi which has received the \u2018Human Rights Price\u2019 in Venice Festival or \u2018Return to Ithaca\u2019 by Laurent Cantet, selected in Venice Festival, Toronto and San-Sebastian 2014.<br \/>\nWe have also coproduced highly successful films worldwide such as \u2018The Concert\u2019 by Radu Mihaileanu (3 millions admissions) or \u2018Little White Lies\u2019 by Guillaume Canet (6 millions admissions). The other acclaimed films are \u2018Chinese Puzzle\u2019 by C\u00e9dric Klapisch, \u2018Populaire\u2019 by R\u00e9gis Roinsard; \u2018Wedding cake\u2019 by Denys Granier-Deferre, \u00ab Le Grand Soir \u00bb de Gustave Kerven and Beno\u00eet D\u00e9lepine ; \u00ab A view of love \u00bb by Nicole Garcia or \u00ab Borderline \u00bb by Alexandre Coffre.<\/p>\n<p>La Compagnie Cin\u00e9matographique, it is also films with powerful heroines such as the life story of \u00ab Suzanne \u00bb by Katell Quill\u00e9v\u00e9r\u00e9 or the film adaptation of the book \u2018Delicacy\u2019 by David Foenkinos by Audrey Tautou. Other films on status of women in the world such as \u2018The bag of flour\u2019 by the Belgian Kadija Leclere and some intense drama such as \u2018The night Watchman\u2019 by Pierre Jolivet or \u2018Robert Mitchum is dead\u2019by Olivier Babinet. <\/p>\n<p>It is also really important to support Belgian talents with directors such as Sylvestre Sbille &#8211; \u2018I will bury you\u2019 how won Magritte of First Film Award or Kadija Leclere. The production supports talented Belgian directors from the first steps in producing their short-films \u00ab Wool ball \u00bb by Kadija Leclere, \u00ab The big game \u00bb by Sylvestre Sbille, \u00ab Bizness \u00bb by Manu Coeman, \u00ab As Hero \u00bb by V\u00e9ronique Jadin and the successful  \u00ab A better world \u00bb by Sacha Feiner which has been rewarded with many prices around the world (Athens, Warsaw, Hollywood..)<br \/>\nLately, La Compagnie Cin\u00e9matographique has began producing kids movies such as \u2018Santa Claus\u2019 by Alexandre Coffre, the adapation of the cartoon by Peyo \u00ab Beno\u00eet Brisefer: Les Taxis Rouges \u00bb and the animation film on migratory birds \u00ab Yellowbird \u00bb by Christian De Vita.<\/p>\n","protected":false},"excerpt":{"rendered":"<p>La Compagnie Cin\u00e9matographique has already produced and coproduced 33 films (short films and feature films) including 29 theater releases. Our catalogue is made up of powerful films on topical items, which have been selected, in the biggest international festivals. Among them, the feature-length documentary \u2018 Cartoonists &#8211; Foots Soldiers of Democracy\u2019 by St\u00e9phanie Valloatto, (Cannes &hellip; <a href=\"https:\/\/www.panacheproductions.be\/en\/about-us\/la-cie-cinematographique\/\" class=\"more-link\">Continue reading <span class=\"screen-reader-text\">La Cie Cin\u00e9matographique<\/span><\/a><\/p>\n","protected":false},"author":3,"featured_media":0,"parent":191,"menu_order":0,"comment_status":"closed","ping_status":"closed","template":"","meta":{"footnotes":""},"class_list":["post-439","page","type-page","status-publish","hentry"],"_links":{"self":[{"href":"https:\/\/www.panacheproductions.be\/en\/wp-json\/wp\/v2\/pages\/439\/"}],"collection":[{"href":"https:\/\/www.panacheproductions.be\/en\/wp-json\/wp\/v2\/pages\/"}],"about":[{"href":"https:\/\/www.panacheproductions.be\/en\/wp-json\/wp\/v2\/types\/page\/"}],"author":[{"embeddable":true,"href":"https:\/\/www.panacheproductions.be\/en\/wp-json\/wp\/v2\/users\/3\/"}],"replies":[{"embeddable":true,"href":"https:\/\/www.panacheproductions.be\/en\/wp-json\/wp\/v2\/comments\/?post=439"}],"version-history":[{"count":1,"href":"https:\/\/www.panacheproductions.be\/en\/wp-json\/wp\/v2\/pages\/439\/revisions\/"}],"predecessor-version":[{"id":440,"href":"https:\/\/www.panacheproductions.be\/en\/wp-json\/wp\/v2\/pages\/439\/revisions\/440\/"}],"up":[{"embeddable":true,"href":"https:\/\/www.panacheproductions.be\/en\/wp-json\/wp\/v2\/pages\/191\/"}],"wp:attachment":[{"href":"https:\/\/www.panacheproductions.be\/en\/wp-json\/wp\/v2\/media\/?parent=439"}],"curies":[{"name":"wp","href":"https:\/\/api.w.org\/{rel}","templated":true}]}}