{"id":460,"date":"2016-08-02T09:50:53","date_gmt":"2016-08-02T08:50:53","guid":{"rendered":"http:\/\/panacheproductions.be\/en\/about-us\/panache-productions\/"},"modified":"2026-03-03T16:18:35","modified_gmt":"2026-03-03T15:18:35","slug":"panache-productions","status":"publish","type":"page","link":"https:\/\/www.panacheproductions.be\/en\/about-us\/panache-productions\/","title":{"rendered":"Panache Productions"},"content":{"rendered":"<p>Andr\u00e9 Logie, a former lawyer (Hogan &amp; Hartson, Brussels), studied at the Media Business School and then completed an internship with Bac Films, Paris. He worked with Cin\u00e9art &#8211; the largest film distributor in Belgium, and Art\u00e9mis Productions, one of the main producer in Belgium, during 8 years as a consultant. Since 2009, Andr\u00e9 Logie devotes himself entirely to film production and international coproduction with films like \u2018Return to Ithaca\u2019 (Laurent Cantet-2014), \u2018I\u2019ll bury you\u2019 (Sylvestre Sbille &#8211; 2013), \u2018Casse-T\u00eate Chinois\u2019 (C\u00e9dric Klapisch-2013), \u2018The Concert\u2019 (Radu Mihaileanu -2009).<\/p>\n","protected":false},"excerpt":{"rendered":"<p>Andr\u00e9 Logie, a former lawyer (Hogan &amp; Hartson, Brussels), studied at the Media Business School and then completed an internship with Bac Films, Paris. He worked with Cin\u00e9art &#8211; the largest film distributor in Belgium, and Art\u00e9mis Productions, one of the main producer in Belgium, during 8 years as a consultant. Since 2009, Andr\u00e9 Logie &hellip; <a href=\"https:\/\/www.panacheproductions.be\/en\/about-us\/panache-productions\/\" class=\"more-link\">Continue reading <span class=\"screen-reader-text\">Panache Productions<\/span><\/a><\/p>\n","protected":false},"author":3,"featured_media":0,"parent":191,"menu_order":0,"comment_status":"closed","ping_status":"closed","template":"","meta":{"footnotes":""},"class_list":["post-460","page","type-page","status-publish","hentry"],"_links":{"self":[{"href":"https:\/\/www.panacheproductions.be\/en\/wp-json\/wp\/v2\/pages\/460\/"}],"collection":[{"href":"https:\/\/www.panacheproductions.be\/en\/wp-json\/wp\/v2\/pages\/"}],"about":[{"href":"https:\/\/www.panacheproductions.be\/en\/wp-json\/wp\/v2\/types\/page\/"}],"author":[{"embeddable":true,"href":"https:\/\/www.panacheproductions.be\/en\/wp-json\/wp\/v2\/users\/3\/"}],"replies":[{"embeddable":true,"href":"https:\/\/www.panacheproductions.be\/en\/wp-json\/wp\/v2\/comments\/?post=460"}],"version-history":[{"count":3,"href":"https:\/\/www.panacheproductions.be\/en\/wp-json\/wp\/v2\/pages\/460\/revisions\/"}],"predecessor-version":[{"id":3067,"href":"https:\/\/www.panacheproductions.be\/en\/wp-json\/wp\/v2\/pages\/460\/revisions\/3067\/"}],"up":[{"embeddable":true,"href":"https:\/\/www.panacheproductions.be\/en\/wp-json\/wp\/v2\/pages\/191\/"}],"wp:attachment":[{"href":"https:\/\/www.panacheproductions.be\/en\/wp-json\/wp\/v2\/media\/?parent=460"}],"curies":[{"name":"wp","href":"https:\/\/api.w.org\/{rel}","templated":true}]}}